{"id":3187,"date":"2025-09-03T18:43:08","date_gmt":"2025-09-03T16:43:08","guid":{"rendered":"https:\/\/irtnanoelec.fr\/?page_id=3187"},"modified":"2026-04-14T14:40:03","modified_gmt":"2026-04-14T12:40:03","slug":"symposium-2025-pour-lelectronique-et-le-numerique-durables","status":"publish","type":"page","link":"https:\/\/irtnanoelec.fr\/en\/symposium-2025-pour-lelectronique-et-le-numerique-durables\/","title":{"rendered":"SYMPOSIUM 2025 POUR L\u2019ELECTRONIQUE ET LE NUMERIQUE DURABLES"},"content":{"rendered":"    <section class=\" section-block push-edito \" id=\"block-block_3725e80d826942ccfeddf163e00cbe58\">\n        <div class=\"container\">\n            <div class=\"flex gap-6 items-center flex-md-column-reverse\">\n                                                                    <div class=\"col-sm-12 flex-1 relative\">\n                                <img decoding=\"async\" src=\"https:\/\/irtnanoelec.fr\/wp-content\/uploads\/2025\/07\/Banniere-LinkedIn-photo-4.png\" alt=\"\" class=\"rounded-3xl wp-100 object-cover block max-w-688 max-h-688\"  loading=\"lazy\" >                                                            <\/div>\n                                                        <div class=\"bg-neutral-0 z-9 flex justify-center flex-column col-sm-12 flex-1\">\n                    <h2 class=\"heading-m neutral-800 mb-4\"><span class=\"block mb-6 h-4 w-64 bg-brand-lightest\"><\/span>END&#039;25 &#8211; Formulaire de d\u00e9p\u00f4t pour une proposition de communication (poster ou oral)<\/h2><div class=\"description\"><p>D\u00e9p\u00f4t des sujets termin\u00e9 &#8211; merci de contacter <a href=\"mailto:nanoelec@cea.fr\">nanoelec@cea.fr<\/a><\/p>\n<\/div>                <\/div>\n                \n                   \n            <\/div>\n        <\/div>\n    <\/section>\n\n<div class=\"section-normal push-ctas \">\n    <div class=\"container\">\n                    <div class=\"links-wrap mt-6 gap-4 flex flex-wrap justify-center\">\n                <a href=\"https:\/\/irtnanoelec.fr\/symposium-2025\/\" class=\"bg-brand-default button text-white\">Tous les d\u00e9tails<\/a><a href=\"https:\/\/irtnanoelec.fr\/symposium-pour-lelectronique-le-numerique-durables-2\/\" class=\"text-blue button\">Programme<\/a><a href=\"https:\/\/irtnanoelec.fr\/thematiques-de-endday25\/\" class=\"text-blue button\">Th\u00e9matiques<\/a><a href=\"https:\/\/irtnanoelec.fr\/wp-content\/uploads\/2025\/09\/Livret-Comite-scientifique-ENDDays25.pdf\" class=\"text-blue button\">Comit\u00e9 scientifique<\/a><a href=\"https:\/\/irtnanoelec.fr\/wp-content\/uploads\/2025\/09\/Livret-Comite-Organisation-ENDDays25.pdf\" class=\"text-blue button\">Comit\u00e9 d&#8217;organisation<\/a><a href=\"https:\/\/irtnanoelec.fr\/end25-pour-les-industriels\/\" class=\"text-blue button\">Pour les industriels<\/a><a href=\"https:\/\/my.weezevent.com\/symposium-2025-electronique-et-numerique-durables\" class=\"bg-brand-default button text-white\" target=\"_blank\" rel=\"noopener\">S&#8217;inscrire<\/a>            <\/div>\n            <\/div>\n<\/div>\n<p><\/p>\n","protected":false},"excerpt":{"rendered":"","protected":false},"author":1,"featured_media":0,"parent":0,"menu_order":0,"comment_status":"closed","ping_status":"closed","template":"contact.php","meta":{"_acf_changed":false,"inline_featured_image":false,"footnotes":""},"class_list":["post-3187","page","type-page","status-publish","hentry"],"acf":[],"yoast_head":"<!-- This site is optimized with the Yoast SEO plugin v27.1.1 - https:\/\/yoast.com\/product\/yoast-seo-wordpress\/ -->\n<title>SYMPOSIUM 2025 POUR L\u2019ELECTRONIQUE ET LE NUMERIQUE DURABLES - IRT Nanoelec<\/title>\n<meta name=\"description\" content=\"L\u2019\u00e9lectronique et le num\u00e9rique de demain doivent imp\u00e9rativement se diriger vers une durabilit\u00e9 accrue, dans le respect des limites environnementales et du plancher soci\u00e9tal. Pour y parvenir, il est crucial de repenser la cha\u00eene de valeur dans son int\u00e9gralit\u00e9. Dans ce contexte, Nanoelec, le P\u00f4le universitaire d\u2019innovation (PUI) Grenoble Alpes, le PEPR Electronique et le Labex UGA Micro\u00e9lectronique organisent le symposium national sur l\u2019\u00e9lectronique et le num\u00e9rique durables.\" \/>\n<meta name=\"robots\" content=\"index, follow, max-snippet:-1, max-image-preview:large, max-video-preview:-1\" \/>\n<link rel=\"canonical\" href=\"https:\/\/irtnanoelec.fr\/en\/symposium-2025-pour-lelectronique-et-le-numerique-durables\/\" \/>\n<meta property=\"og:locale\" content=\"en_US\" \/>\n<meta property=\"og:type\" content=\"article\" \/>\n<meta property=\"og:title\" content=\"SYMPOSIUM 2025 POUR L\u2019ELECTRONIQUE ET LE NUMERIQUE DURABLES - IRT Nanoelec\" \/>\n<meta property=\"og:description\" content=\"L\u2019\u00e9lectronique et le num\u00e9rique de demain doivent imp\u00e9rativement se diriger vers une durabilit\u00e9 accrue, dans le respect des limites environnementales et du plancher soci\u00e9tal. Pour y parvenir, il est crucial de repenser la cha\u00eene de valeur dans son int\u00e9gralit\u00e9. Dans ce contexte, Nanoelec, le P\u00f4le universitaire d\u2019innovation (PUI) Grenoble Alpes, le PEPR Electronique et le Labex UGA Micro\u00e9lectronique organisent le symposium national sur l\u2019\u00e9lectronique et le num\u00e9rique durables.\" \/>\n<meta property=\"og:url\" content=\"https:\/\/irtnanoelec.fr\/en\/symposium-2025-pour-lelectronique-et-le-numerique-durables\/\" \/>\n<meta property=\"og:site_name\" content=\"IRT Nanoelec\" \/>\n<meta property=\"article:modified_time\" content=\"2026-04-14T12:40:03+00:00\" \/>\n<meta name=\"twitter:card\" content=\"summary_large_image\" \/>\n<meta name=\"twitter:label1\" content=\"Est. reading time\" \/>\n\t<meta name=\"twitter:data1\" content=\"1 minute\" \/>\n<script type=\"application\/ld+json\" class=\"yoast-schema-graph\">{\"@context\":\"https:\/\/schema.org\",\"@graph\":[{\"@type\":\"WebPage\",\"@id\":\"https:\/\/irtnanoelec.fr\/en\/symposium-2025-pour-lelectronique-et-le-numerique-durables\/\",\"url\":\"https:\/\/irtnanoelec.fr\/en\/symposium-2025-pour-lelectronique-et-le-numerique-durables\/\",\"name\":\"SYMPOSIUM 2025 POUR L\u2019ELECTRONIQUE ET LE NUMERIQUE DURABLES - IRT Nanoelec\",\"isPartOf\":{\"@id\":\"https:\/\/irtnanoelec.fr\/en\/#website\"},\"datePublished\":\"2025-09-03T16:43:08+00:00\",\"dateModified\":\"2026-04-14T12:40:03+00:00\",\"description\":\"L\u2019\u00e9lectronique et le num\u00e9rique de demain doivent imp\u00e9rativement se diriger vers une durabilit\u00e9 accrue, dans le respect des limites environnementales et du plancher soci\u00e9tal. Pour y parvenir, il est crucial de repenser la cha\u00eene de valeur dans son int\u00e9gralit\u00e9. Dans ce contexte, Nanoelec, le P\u00f4le universitaire d\u2019innovation (PUI) Grenoble Alpes, le PEPR Electronique et le Labex UGA Micro\u00e9lectronique organisent le symposium national sur l\u2019\u00e9lectronique et le num\u00e9rique durables.\",\"breadcrumb\":{\"@id\":\"https:\/\/irtnanoelec.fr\/en\/symposium-2025-pour-lelectronique-et-le-numerique-durables\/#breadcrumb\"},\"inLanguage\":\"en-US\",\"potentialAction\":[{\"@type\":\"ReadAction\",\"target\":[\"https:\/\/irtnanoelec.fr\/en\/symposium-2025-pour-lelectronique-et-le-numerique-durables\/\"]}]},{\"@type\":\"BreadcrumbList\",\"@id\":\"https:\/\/irtnanoelec.fr\/en\/symposium-2025-pour-lelectronique-et-le-numerique-durables\/#breadcrumb\",\"itemListElement\":[{\"@type\":\"ListItem\",\"position\":1,\"name\":\"Home\",\"item\":\"https:\/\/irtnanoelec.fr\/en\/\"},{\"@type\":\"ListItem\",\"position\":2,\"name\":\"SYMPOSIUM 2025 POUR L\u2019ELECTRONIQUE ET LE NUMERIQUE DURABLES\"}]},{\"@type\":\"WebSite\",\"@id\":\"https:\/\/irtnanoelec.fr\/en\/#website\",\"url\":\"https:\/\/irtnanoelec.fr\/en\/\",\"name\":\"IRT Nanoelec\",\"description\":\"\",\"publisher\":{\"@id\":\"https:\/\/irtnanoelec.fr\/en\/#organization\"},\"potentialAction\":[{\"@type\":\"SearchAction\",\"target\":{\"@type\":\"EntryPoint\",\"urlTemplate\":\"https:\/\/irtnanoelec.fr\/en\/?s={search_term_string}\"},\"query-input\":{\"@type\":\"PropertyValueSpecification\",\"valueRequired\":true,\"valueName\":\"search_term_string\"}}],\"inLanguage\":\"en-US\"},{\"@type\":\"Organization\",\"@id\":\"https:\/\/irtnanoelec.fr\/en\/#organization\",\"name\":\"IRT Nanoelec\",\"url\":\"https:\/\/irtnanoelec.fr\/en\/\",\"logo\":{\"@type\":\"ImageObject\",\"inLanguage\":\"en-US\",\"@id\":\"https:\/\/irtnanoelec.fr\/en\/#\/schema\/logo\/image\/\",\"url\":\"https:\/\/irtnanoelec.fr\/wp-content\/uploads\/2025\/07\/irt-nanoelec.svg\",\"contentUrl\":\"https:\/\/irtnanoelec.fr\/wp-content\/uploads\/2025\/07\/irt-nanoelec.svg\",\"width\":181,\"height\":89,\"caption\":\"IRT Nanoelec\"},\"image\":{\"@id\":\"https:\/\/irtnanoelec.fr\/en\/#\/schema\/logo\/image\/\"}}]}<\/script>\n<!-- \/ Yoast SEO plugin. -->","yoast_head_json":{"title":"SYMPOSIUM 2025 POUR L\u2019ELECTRONIQUE ET LE NUMERIQUE DURABLES - IRT Nanoelec","description":"L\u2019\u00e9lectronique et le num\u00e9rique de demain doivent imp\u00e9rativement se diriger vers une durabilit\u00e9 accrue, dans le respect des limites environnementales et du plancher soci\u00e9tal. Pour y parvenir, il est crucial de repenser la cha\u00eene de valeur dans son int\u00e9gralit\u00e9. Dans ce contexte, Nanoelec, le P\u00f4le universitaire d\u2019innovation (PUI) Grenoble Alpes, le PEPR Electronique et le Labex UGA Micro\u00e9lectronique organisent le symposium national sur l\u2019\u00e9lectronique et le num\u00e9rique durables.","robots":{"index":"index","follow":"follow","max-snippet":"max-snippet:-1","max-image-preview":"max-image-preview:large","max-video-preview":"max-video-preview:-1"},"canonical":"https:\/\/irtnanoelec.fr\/en\/symposium-2025-pour-lelectronique-et-le-numerique-durables\/","og_locale":"en_US","og_type":"article","og_title":"SYMPOSIUM 2025 POUR L\u2019ELECTRONIQUE ET LE NUMERIQUE DURABLES - IRT Nanoelec","og_description":"L\u2019\u00e9lectronique et le num\u00e9rique de demain doivent imp\u00e9rativement se diriger vers une durabilit\u00e9 accrue, dans le respect des limites environnementales et du plancher soci\u00e9tal. Pour y parvenir, il est crucial de repenser la cha\u00eene de valeur dans son int\u00e9gralit\u00e9. Dans ce contexte, Nanoelec, le P\u00f4le universitaire d\u2019innovation (PUI) Grenoble Alpes, le PEPR Electronique et le Labex UGA Micro\u00e9lectronique organisent le symposium national sur l\u2019\u00e9lectronique et le num\u00e9rique durables.","og_url":"https:\/\/irtnanoelec.fr\/en\/symposium-2025-pour-lelectronique-et-le-numerique-durables\/","og_site_name":"IRT Nanoelec","article_modified_time":"2026-04-14T12:40:03+00:00","twitter_card":"summary_large_image","twitter_misc":{"Est. reading time":"1 minute"},"schema":{"@context":"https:\/\/schema.org","@graph":[{"@type":"WebPage","@id":"https:\/\/irtnanoelec.fr\/en\/symposium-2025-pour-lelectronique-et-le-numerique-durables\/","url":"https:\/\/irtnanoelec.fr\/en\/symposium-2025-pour-lelectronique-et-le-numerique-durables\/","name":"SYMPOSIUM 2025 POUR L\u2019ELECTRONIQUE ET LE NUMERIQUE DURABLES - IRT Nanoelec","isPartOf":{"@id":"https:\/\/irtnanoelec.fr\/en\/#website"},"datePublished":"2025-09-03T16:43:08+00:00","dateModified":"2026-04-14T12:40:03+00:00","description":"L\u2019\u00e9lectronique et le num\u00e9rique de demain doivent imp\u00e9rativement se diriger vers une durabilit\u00e9 accrue, dans le respect des limites environnementales et du plancher soci\u00e9tal. Pour y parvenir, il est crucial de repenser la cha\u00eene de valeur dans son int\u00e9gralit\u00e9. Dans ce contexte, Nanoelec, le P\u00f4le universitaire d\u2019innovation (PUI) Grenoble Alpes, le PEPR Electronique et le Labex UGA Micro\u00e9lectronique organisent le symposium national sur l\u2019\u00e9lectronique et le num\u00e9rique durables.","breadcrumb":{"@id":"https:\/\/irtnanoelec.fr\/en\/symposium-2025-pour-lelectronique-et-le-numerique-durables\/#breadcrumb"},"inLanguage":"en-US","potentialAction":[{"@type":"ReadAction","target":["https:\/\/irtnanoelec.fr\/en\/symposium-2025-pour-lelectronique-et-le-numerique-durables\/"]}]},{"@type":"BreadcrumbList","@id":"https:\/\/irtnanoelec.fr\/en\/symposium-2025-pour-lelectronique-et-le-numerique-durables\/#breadcrumb","itemListElement":[{"@type":"ListItem","position":1,"name":"Home","item":"https:\/\/irtnanoelec.fr\/en\/"},{"@type":"ListItem","position":2,"name":"SYMPOSIUM 2025 POUR L\u2019ELECTRONIQUE ET LE NUMERIQUE DURABLES"}]},{"@type":"WebSite","@id":"https:\/\/irtnanoelec.fr\/en\/#website","url":"https:\/\/irtnanoelec.fr\/en\/","name":"IRT Nanoelec","description":"","publisher":{"@id":"https:\/\/irtnanoelec.fr\/en\/#organization"},"potentialAction":[{"@type":"SearchAction","target":{"@type":"EntryPoint","urlTemplate":"https:\/\/irtnanoelec.fr\/en\/?s={search_term_string}"},"query-input":{"@type":"PropertyValueSpecification","valueRequired":true,"valueName":"search_term_string"}}],"inLanguage":"en-US"},{"@type":"Organization","@id":"https:\/\/irtnanoelec.fr\/en\/#organization","name":"IRT Nanoelec","url":"https:\/\/irtnanoelec.fr\/en\/","logo":{"@type":"ImageObject","inLanguage":"en-US","@id":"https:\/\/irtnanoelec.fr\/en\/#\/schema\/logo\/image\/","url":"https:\/\/irtnanoelec.fr\/wp-content\/uploads\/2025\/07\/irt-nanoelec.svg","contentUrl":"https:\/\/irtnanoelec.fr\/wp-content\/uploads\/2025\/07\/irt-nanoelec.svg","width":181,"height":89,"caption":"IRT Nanoelec"},"image":{"@id":"https:\/\/irtnanoelec.fr\/en\/#\/schema\/logo\/image\/"}}]}},"_links":{"self":[{"href":"https:\/\/irtnanoelec.fr\/en\/wp-json\/wp\/v2\/pages\/3187","targetHints":{"allow":["GET"]}}],"collection":[{"href":"https:\/\/irtnanoelec.fr\/en\/wp-json\/wp\/v2\/pages"}],"about":[{"href":"https:\/\/irtnanoelec.fr\/en\/wp-json\/wp\/v2\/types\/page"}],"author":[{"embeddable":true,"href":"https:\/\/irtnanoelec.fr\/en\/wp-json\/wp\/v2\/users\/1"}],"replies":[{"embeddable":true,"href":"https:\/\/irtnanoelec.fr\/en\/wp-json\/wp\/v2\/comments?post=3187"}],"version-history":[{"count":3,"href":"https:\/\/irtnanoelec.fr\/en\/wp-json\/wp\/v2\/pages\/3187\/revisions"}],"predecessor-version":[{"id":4388,"href":"https:\/\/irtnanoelec.fr\/en\/wp-json\/wp\/v2\/pages\/3187\/revisions\/4388"}],"wp:attachment":[{"href":"https:\/\/irtnanoelec.fr\/en\/wp-json\/wp\/v2\/media?parent=3187"}],"curies":[{"name":"wp","href":"https:\/\/api.w.org\/{rel}","templated":true}]}}