{"id":2793,"date":"2025-06-12T12:31:21","date_gmt":"2025-06-12T10:31:21","guid":{"rendered":"https:\/\/irtnanoelec.fr\/?page_id=2793"},"modified":"2026-03-23T07:26:14","modified_gmt":"2026-03-23T06:26:14","slug":"silicium","status":"publish","type":"page","link":"https:\/\/irtnanoelec.fr\/en\/silicium\/","title":{"rendered":"The silicon R&amp;D platform"},"content":{"rendered":"    <section class=\" section-normal push-edito \" id=\"block-block_22f26badbb4ca121ad51358fee34f1cf\">\n        <div class=\"container\">\n            <div class=\"flex gap-6 items-center flex-md-column-reverse\">\n                                <div class=\"bg-neutral-0 z-9 flex justify-center flex-column col-sm-12 flex-1\">\n                    <div class=\"description\"><p class=\"accroche\"><strong>Grenoble, avec la plate-forme Silicium du CEA-Leti,\u00a0est l\u2019un des cinq sites majeurs de R&amp;D pour les circuits int\u00e9gr\u00e9s et microsyst\u00e8mes sur substrats 200 mm et 300 mm qui seront produits dans 3 \u00e0 5 ans.<\/strong><\/p>\n<p>Des \u00e9quipes se succ\u00e8dent sur ses \u00e9quipements 7 jours sur 7 et 24 h sur 24. Des plaques sont \u00e9chang\u00e9es en boucles courtes avec des sites de production du monde entier, notamment avec le site de Crolles de ST Microelectronics (partenaire de l\u2019IRT) .<\/p>\n<p>L\u2019activit\u00e9 couvre la R&amp;D amont, la R&amp;D technologique, les d\u00e9monstrateurs et les premiers prototypages. De nombreux \u00e9quipementiers d\u00e9l\u00e8guent des \u00e9quipes pour qualifier leurs futurs syst\u00e8mes. Les travaux de la plate-forme donnent r\u00e9guli\u00e8rement naissance \u00e0 des start-up.<\/p>\n<p>L\u2019IRT Nanoelec s\u2019appuie sur cette plate-forme pour mener \u00e0 bien ses travaux sur l\u2019int\u00e9gration 3D de puces \u00e9lectroniques et sur la photonique sur silicium.<\/p>\n<\/div>                <\/div>\n                \n                   \n            <\/div>\n        <\/div>\n    <\/section>\n    <div class=\"spacer hide-md h-40\"><\/div>\n    <div class=\"spacer hide show-md h-40\"><\/div>\n    <section class=\" section-block push-edito \" id=\"block-block_dea7e065fb83d6e6d2cf0be2beced82a\">\n        <div class=\"container\">\n            <div class=\"flex gap-6 items-center flex-md-column-reverse\">\n                                <div class=\"bg-neutral-0 z-9 flex justify-center flex-column col-sm-12 flex-1\">\n                    <h2 class=\"heading-m neutral-800 mb-4\"><span class=\"block mb-6 h-4 w-64 bg-brand-lightest\"><\/span>Chiffres cl\u00e9s<\/h2><div class=\"description\"><ul>\n<li>Fonctionne 7 jours sur 7, 24 heures sur 24<\/li>\n<li>8500\u00a0m\u00b2 de salles blanches<\/li>\n<\/ul>\n<\/div>                <\/div>\n                \n                   \n            <\/div>\n        <\/div>\n    <\/section>\n","protected":false},"excerpt":{"rendered":"","protected":false},"author":1,"featured_media":0,"parent":0,"menu_order":0,"comment_status":"closed","ping_status":"closed","template":"edito.php","meta":{"_acf_changed":false,"inline_featured_image":false,"footnotes":""},"class_list":["post-2793","page","type-page","status-publish","hentry"],"acf":[],"yoast_head":"<!-- This site is optimized with the Yoast SEO plugin v27.1.1 - https:\/\/yoast.com\/product\/yoast-seo-wordpress\/ -->\n<title>The silicon R&amp;D platform - IRT Nanoelec<\/title>\n<meta name=\"robots\" content=\"index, follow, max-snippet:-1, max-image-preview:large, max-video-preview:-1\" \/>\n<link rel=\"canonical\" href=\"https:\/\/irtnanoelec.fr\/en\/silicium\/\" \/>\n<meta property=\"og:locale\" content=\"en_US\" \/>\n<meta property=\"og:type\" content=\"article\" \/>\n<meta property=\"og:title\" content=\"The silicon R&amp;D platform - IRT Nanoelec\" \/>\n<meta property=\"og:url\" content=\"https:\/\/irtnanoelec.fr\/en\/silicium\/\" \/>\n<meta property=\"og:site_name\" content=\"IRT Nanoelec\" \/>\n<meta property=\"article:modified_time\" content=\"2026-03-23T06:26:14+00:00\" \/>\n<meta name=\"twitter:card\" content=\"summary_large_image\" \/>\n<meta name=\"twitter:label1\" content=\"Est. reading time\" \/>\n\t<meta name=\"twitter:data1\" content=\"1 minute\" \/>\n<script type=\"application\/ld+json\" class=\"yoast-schema-graph\">{\"@context\":\"https:\/\/schema.org\",\"@graph\":[{\"@type\":\"WebPage\",\"@id\":\"https:\/\/irtnanoelec.fr\/en\/silicium\/\",\"url\":\"https:\/\/irtnanoelec.fr\/en\/silicium\/\",\"name\":\"The silicon R&amp;D platform - IRT Nanoelec\",\"isPartOf\":{\"@id\":\"https:\/\/irtnanoelec.fr\/en\/#website\"},\"datePublished\":\"2025-06-12T10:31:21+00:00\",\"dateModified\":\"2026-03-23T06:26:14+00:00\",\"breadcrumb\":{\"@id\":\"https:\/\/irtnanoelec.fr\/en\/silicium\/#breadcrumb\"},\"inLanguage\":\"en-US\",\"potentialAction\":[{\"@type\":\"ReadAction\",\"target\":[\"https:\/\/irtnanoelec.fr\/en\/silicium\/\"]}]},{\"@type\":\"BreadcrumbList\",\"@id\":\"https:\/\/irtnanoelec.fr\/en\/silicium\/#breadcrumb\",\"itemListElement\":[{\"@type\":\"ListItem\",\"position\":1,\"name\":\"Home\",\"item\":\"https:\/\/irtnanoelec.fr\/en\/\"},{\"@type\":\"ListItem\",\"position\":2,\"name\":\"The silicon R&amp;D platform\"}]},{\"@type\":\"WebSite\",\"@id\":\"https:\/\/irtnanoelec.fr\/en\/#website\",\"url\":\"https:\/\/irtnanoelec.fr\/en\/\",\"name\":\"IRT Nanoelec\",\"description\":\"\",\"publisher\":{\"@id\":\"https:\/\/irtnanoelec.fr\/en\/#organization\"},\"potentialAction\":[{\"@type\":\"SearchAction\",\"target\":{\"@type\":\"EntryPoint\",\"urlTemplate\":\"https:\/\/irtnanoelec.fr\/en\/?s={search_term_string}\"},\"query-input\":{\"@type\":\"PropertyValueSpecification\",\"valueRequired\":true,\"valueName\":\"search_term_string\"}}],\"inLanguage\":\"en-US\"},{\"@type\":\"Organization\",\"@id\":\"https:\/\/irtnanoelec.fr\/en\/#organization\",\"name\":\"IRT Nanoelec\",\"url\":\"https:\/\/irtnanoelec.fr\/en\/\",\"logo\":{\"@type\":\"ImageObject\",\"inLanguage\":\"en-US\",\"@id\":\"https:\/\/irtnanoelec.fr\/en\/#\/schema\/logo\/image\/\",\"url\":\"https:\/\/irtnanoelec.fr\/wp-content\/uploads\/2025\/07\/irt-nanoelec.svg\",\"contentUrl\":\"https:\/\/irtnanoelec.fr\/wp-content\/uploads\/2025\/07\/irt-nanoelec.svg\",\"width\":181,\"height\":89,\"caption\":\"IRT Nanoelec\"},\"image\":{\"@id\":\"https:\/\/irtnanoelec.fr\/en\/#\/schema\/logo\/image\/\"}}]}<\/script>\n<!-- \/ Yoast SEO plugin. -->","yoast_head_json":{"title":"The silicon R&amp;D platform - IRT Nanoelec","robots":{"index":"index","follow":"follow","max-snippet":"max-snippet:-1","max-image-preview":"max-image-preview:large","max-video-preview":"max-video-preview:-1"},"canonical":"https:\/\/irtnanoelec.fr\/en\/silicium\/","og_locale":"en_US","og_type":"article","og_title":"The silicon R&amp;D platform - IRT Nanoelec","og_url":"https:\/\/irtnanoelec.fr\/en\/silicium\/","og_site_name":"IRT Nanoelec","article_modified_time":"2026-03-23T06:26:14+00:00","twitter_card":"summary_large_image","twitter_misc":{"Est. reading time":"1 minute"},"schema":{"@context":"https:\/\/schema.org","@graph":[{"@type":"WebPage","@id":"https:\/\/irtnanoelec.fr\/en\/silicium\/","url":"https:\/\/irtnanoelec.fr\/en\/silicium\/","name":"The silicon R&amp;D platform - IRT Nanoelec","isPartOf":{"@id":"https:\/\/irtnanoelec.fr\/en\/#website"},"datePublished":"2025-06-12T10:31:21+00:00","dateModified":"2026-03-23T06:26:14+00:00","breadcrumb":{"@id":"https:\/\/irtnanoelec.fr\/en\/silicium\/#breadcrumb"},"inLanguage":"en-US","potentialAction":[{"@type":"ReadAction","target":["https:\/\/irtnanoelec.fr\/en\/silicium\/"]}]},{"@type":"BreadcrumbList","@id":"https:\/\/irtnanoelec.fr\/en\/silicium\/#breadcrumb","itemListElement":[{"@type":"ListItem","position":1,"name":"Home","item":"https:\/\/irtnanoelec.fr\/en\/"},{"@type":"ListItem","position":2,"name":"The silicon R&amp;D platform"}]},{"@type":"WebSite","@id":"https:\/\/irtnanoelec.fr\/en\/#website","url":"https:\/\/irtnanoelec.fr\/en\/","name":"IRT Nanoelec","description":"","publisher":{"@id":"https:\/\/irtnanoelec.fr\/en\/#organization"},"potentialAction":[{"@type":"SearchAction","target":{"@type":"EntryPoint","urlTemplate":"https:\/\/irtnanoelec.fr\/en\/?s={search_term_string}"},"query-input":{"@type":"PropertyValueSpecification","valueRequired":true,"valueName":"search_term_string"}}],"inLanguage":"en-US"},{"@type":"Organization","@id":"https:\/\/irtnanoelec.fr\/en\/#organization","name":"IRT Nanoelec","url":"https:\/\/irtnanoelec.fr\/en\/","logo":{"@type":"ImageObject","inLanguage":"en-US","@id":"https:\/\/irtnanoelec.fr\/en\/#\/schema\/logo\/image\/","url":"https:\/\/irtnanoelec.fr\/wp-content\/uploads\/2025\/07\/irt-nanoelec.svg","contentUrl":"https:\/\/irtnanoelec.fr\/wp-content\/uploads\/2025\/07\/irt-nanoelec.svg","width":181,"height":89,"caption":"IRT Nanoelec"},"image":{"@id":"https:\/\/irtnanoelec.fr\/en\/#\/schema\/logo\/image\/"}}]}},"_links":{"self":[{"href":"https:\/\/irtnanoelec.fr\/en\/wp-json\/wp\/v2\/pages\/2793","targetHints":{"allow":["GET"]}}],"collection":[{"href":"https:\/\/irtnanoelec.fr\/en\/wp-json\/wp\/v2\/pages"}],"about":[{"href":"https:\/\/irtnanoelec.fr\/en\/wp-json\/wp\/v2\/types\/page"}],"author":[{"embeddable":true,"href":"https:\/\/irtnanoelec.fr\/en\/wp-json\/wp\/v2\/users\/1"}],"replies":[{"embeddable":true,"href":"https:\/\/irtnanoelec.fr\/en\/wp-json\/wp\/v2\/comments?post=2793"}],"version-history":[{"count":3,"href":"https:\/\/irtnanoelec.fr\/en\/wp-json\/wp\/v2\/pages\/2793\/revisions"}],"predecessor-version":[{"id":5114,"href":"https:\/\/irtnanoelec.fr\/en\/wp-json\/wp\/v2\/pages\/2793\/revisions\/5114"}],"wp:attachment":[{"href":"https:\/\/irtnanoelec.fr\/en\/wp-json\/wp\/v2\/media?parent=2793"}],"curies":[{"name":"wp","href":"https:\/\/api.w.org\/{rel}","templated":true}]}}