{"id":2788,"date":"2025-06-12T15:55:21","date_gmt":"2025-06-12T13:55:21","guid":{"rendered":"https:\/\/irtnanoelec.fr\/?page_id=2788"},"modified":"2026-01-16T13:31:35","modified_gmt":"2026-01-16T12:31:35","slug":"linking-technologies-rd-platform","status":"publish","type":"page","link":"https:\/\/irtnanoelec.fr\/en\/linking-technologies-rd-platform\/","title":{"rendered":"Linking technologies R&amp;D platform"},"content":{"rendered":"    <section class=\" section-normal push-edito \" id=\"block-block_fcaadc713e06012dfde52b662e819f99\">\n        <div class=\"container\">\n            <div class=\"flex gap-6 items-center flex-md-column-reverse\">\n                                <div class=\"bg-neutral-0 z-9 flex justify-center flex-column col-sm-12 flex-1\">\n                    <div class=\"description\"><p>Nanoelec dispose d\u2019une plateforme d\u2019exp\u00e9rimentation d\u00e9di\u00e9e au prototypage, l\u2019\u00e9valuation et la validation de solutions technologiques interconnect\u00e9es pour les transports, l\u2019habitat et la sant\u00e9. Op\u00e9r\u00e9e dans le cadre du programme Nanoelec\/Pulse, la Plateforme Technologies de Liaison\u00a0(PTL) est install\u00e9e au c\u0153ur du site Minatec du CEA Grenoble. Avec plus de 1 300 m\u00b2 de plateaux techniques et de voirie instrument\u00e9e, la PTL permet la r\u00e9alisation et l\u2019\u00e9valuation\u00a0de d\u00e9monstrateurs dans des conditions les plus proches du r\u00e9el dans un enjeu de confiance num\u00e9rique.<\/p>\n<ul class=\"wp-block-list\">\n<li>Un b\u00e2timent ferm\u00e9 \u00e9volutif et totalement reconfigurable assurant la confidentialit\u00e9 des d\u00e9veloppements. Cette zone permet la simulation d\u2019espaces de vie (domicile, chambre d\u2019h\u00f4pital), au sein desquels sont mis en \u0153uvre des syst\u00e8mes num\u00e9riques in\u00e9dits, pour en tester la fiabilit\u00e9, la s\u00e9curit\u00e9 et l\u2019ergonomie au moyen d\u2019outils garantissant l\u2019interop\u00e9rabilit\u00e9 et l\u2019interconnexion dans un cadre de cybers\u00e9curit\u00e9.<\/li>\n<li>Une zone ext\u00e9rieure permet d\u2019exp\u00e9rimenter des sc\u00e9narios de mobilit\u00e9 urbaine dans les conditions proches d\u2019une voirie en milieu urbain, en particulier avec un v\u00e9hicule Zo\u00e9 instrument\u00e9 dans le cadre du projet \u2018s\u00e9curit\u00e9 du v\u00e9hicule autonome\u2019.<\/li>\n<\/ul>\n<p>Disponible pour conduire des projets avec des partenaires de l\u2019IRT Nanoelec, la PTL offre deux fonctions principales \u00e0 des partenaires associ\u00e9s avec des besoins technologiques :<\/p>\n<ul class=\"wp-block-list\">\n<li>un espace de d\u00e9veloppement pour r\u00e9aliser des preuves de concept innovantes afin de r\u00e9pondre \u00e0 des besoins technologiques et\/ou d\u2019usages<\/li>\n<li>un espace d\u2019exp\u00e9rimentation pour tester la fonctionnalit\u00e9 et la performance des d\u00e9monstrateurs dans des environnements r\u00e9alistes (espace urbain et pi\u00e8ces de vie)<\/li>\n<\/ul>\n<p>La PTL est compl\u00e9t\u00e9e par\u00a0:<\/p>\n<ul class=\"wp-block-list\">\n<li>un laboratoire d\u2019\u00e9valuation de la connectivit\u00e9 pour \u00e9muler et \u00e9valuer les canaux de propagation,<\/li>\n<li>un laboratoire de caract\u00e9risation de la s\u00e9curit\u00e9 des composants et syst\u00e8mes \u00e9lectroniques.<\/li>\n<\/ul>\n<\/div>                        <div class=\"links-wrap mt-6 gap-4 flex flex-wrap\">\n                            <a href=\"https:\/\/irtnanoelec.fr\/programme\/programme-pulse-cybersecurite-et-technologies-de-liaison\/\" class=\"bg-brand-default button text-white\">L&#8217;essentiel du programme Pulse<\/a>                        <\/div>\n                                    <\/div>\n                \n                   \n            <\/div>\n        <\/div>\n    <\/section>\n\n\n    <section class=\"section-normal push-visuels \">\n        <div class=\"wrapper-visuel overflow-x-hidden \">\n            <div class=\"container\">\n                                <div class=\"owl-visual relative pt-12 overflow-hidden\">\n                                            <div>                       \n                            <div class=\"rounded-2xl\">\n                                <div class=\"relative\">\n                                    <img decoding=\"async\" src=\"https:\/\/irtnanoelec.fr\/wp-content\/uploads\/2025\/06\/33A2124-1024x685-1.jpg\" alt=\"\" class=\"w-full h-520 object-cover block\"  loading=\"lazy\" >                                                                    <\/div>\n                            <\/div>\n                            <p class=\"mt-6 neutral-600\"> <\/p>\n                        <\/div>\n                                            <div>                       \n                            <div class=\"rounded-2xl\">\n                                <div class=\"relative\">\n                                    <img decoding=\"async\" src=\"https:\/\/irtnanoelec.fr\/wp-content\/uploads\/2025\/06\/33A1887-1024x638-1.jpg\" alt=\"\" class=\"w-full h-520 object-cover block\"  loading=\"lazy\" >                                                                    <\/div>\n                            <\/div>\n                            <p class=\"mt-6 neutral-600\"> <\/p>\n                        <\/div>\n                                            <div>                       \n                            <div class=\"rounded-2xl\">\n                                <div class=\"relative\">\n                                    <img decoding=\"async\" src=\"https:\/\/irtnanoelec.fr\/wp-content\/uploads\/2025\/06\/A33A2181-1024x683-1.jpg\" alt=\"\" class=\"w-full h-520 object-cover block\"  loading=\"lazy\" >                                                                    <\/div>\n                            <\/div>\n                            <p class=\"mt-6 neutral-600\"> <\/p>\n                        <\/div>\n                                    <\/div>\n            <\/div>\n        <\/div>\n    <\/section>\n<section class=\"section-normal push-visuel \">\n    <div class=\"container\">\n        <div class=\"flex flex-column gap-2 items-center\">\n                                <div class=\"relative\">\n                        <img decoding=\"async\" src=\"https:\/\/irtnanoelec.fr\/wp-content\/uploads\/2025\/06\/A33A2214.jpg\" alt=\"\" class=\"max-h-800 object-contain\"  loading=\"lazy\" >                                            <\/div>\n                                <\/div>\n    <\/div>\n<\/section>","protected":false},"excerpt":{"rendered":"","protected":false},"author":1,"featured_media":0,"parent":0,"menu_order":0,"comment_status":"closed","ping_status":"closed","template":"edito.php","meta":{"_acf_changed":false,"inline_featured_image":false,"footnotes":""},"class_list":["post-2788","page","type-page","status-publish","hentry"],"acf":[],"yoast_head":"<!-- This site is optimized with the Yoast SEO plugin v27.1.1 - https:\/\/yoast.com\/product\/yoast-seo-wordpress\/ -->\n<title>Linking technologies R&amp;D platform - IRT Nanoelec<\/title>\n<meta name=\"robots\" content=\"index, follow, max-snippet:-1, max-image-preview:large, max-video-preview:-1\" \/>\n<link rel=\"canonical\" href=\"https:\/\/irtnanoelec.fr\/en\/linking-technologies-rd-platform\/\" \/>\n<meta property=\"og:locale\" content=\"en_US\" \/>\n<meta property=\"og:type\" content=\"article\" \/>\n<meta property=\"og:title\" content=\"Linking technologies R&amp;D platform - IRT Nanoelec\" \/>\n<meta property=\"og:url\" content=\"https:\/\/irtnanoelec.fr\/en\/linking-technologies-rd-platform\/\" \/>\n<meta property=\"og:site_name\" content=\"IRT Nanoelec\" \/>\n<meta property=\"article:modified_time\" content=\"2026-01-16T12:31:35+00:00\" \/>\n<meta name=\"twitter:card\" content=\"summary_large_image\" \/>\n<meta name=\"twitter:label1\" content=\"Est. reading time\" \/>\n\t<meta name=\"twitter:data1\" content=\"3 minutes\" \/>\n<script type=\"application\/ld+json\" class=\"yoast-schema-graph\">{\"@context\":\"https:\/\/schema.org\",\"@graph\":[{\"@type\":\"WebPage\",\"@id\":\"https:\/\/irtnanoelec.fr\/en\/linking-technologies-rd-platform\/\",\"url\":\"https:\/\/irtnanoelec.fr\/en\/linking-technologies-rd-platform\/\",\"name\":\"Linking technologies R&amp;D platform - IRT Nanoelec\",\"isPartOf\":{\"@id\":\"https:\/\/irtnanoelec.fr\/en\/#website\"},\"datePublished\":\"2025-06-12T13:55:21+00:00\",\"dateModified\":\"2026-01-16T12:31:35+00:00\",\"breadcrumb\":{\"@id\":\"https:\/\/irtnanoelec.fr\/en\/linking-technologies-rd-platform\/#breadcrumb\"},\"inLanguage\":\"en-US\",\"potentialAction\":[{\"@type\":\"ReadAction\",\"target\":[\"https:\/\/irtnanoelec.fr\/en\/linking-technologies-rd-platform\/\"]}]},{\"@type\":\"BreadcrumbList\",\"@id\":\"https:\/\/irtnanoelec.fr\/en\/linking-technologies-rd-platform\/#breadcrumb\",\"itemListElement\":[{\"@type\":\"ListItem\",\"position\":1,\"name\":\"Home\",\"item\":\"https:\/\/irtnanoelec.fr\/en\/\"},{\"@type\":\"ListItem\",\"position\":2,\"name\":\"Linking technologies R&amp;D platform\"}]},{\"@type\":\"WebSite\",\"@id\":\"https:\/\/irtnanoelec.fr\/en\/#website\",\"url\":\"https:\/\/irtnanoelec.fr\/en\/\",\"name\":\"IRT Nanoelec\",\"description\":\"\",\"publisher\":{\"@id\":\"https:\/\/irtnanoelec.fr\/en\/#organization\"},\"potentialAction\":[{\"@type\":\"SearchAction\",\"target\":{\"@type\":\"EntryPoint\",\"urlTemplate\":\"https:\/\/irtnanoelec.fr\/en\/?s={search_term_string}\"},\"query-input\":{\"@type\":\"PropertyValueSpecification\",\"valueRequired\":true,\"valueName\":\"search_term_string\"}}],\"inLanguage\":\"en-US\"},{\"@type\":\"Organization\",\"@id\":\"https:\/\/irtnanoelec.fr\/en\/#organization\",\"name\":\"IRT Nanoelec\",\"url\":\"https:\/\/irtnanoelec.fr\/en\/\",\"logo\":{\"@type\":\"ImageObject\",\"inLanguage\":\"en-US\",\"@id\":\"https:\/\/irtnanoelec.fr\/en\/#\/schema\/logo\/image\/\",\"url\":\"https:\/\/irtnanoelec.fr\/wp-content\/uploads\/2025\/07\/irt-nanoelec.svg\",\"contentUrl\":\"https:\/\/irtnanoelec.fr\/wp-content\/uploads\/2025\/07\/irt-nanoelec.svg\",\"width\":181,\"height\":89,\"caption\":\"IRT Nanoelec\"},\"image\":{\"@id\":\"https:\/\/irtnanoelec.fr\/en\/#\/schema\/logo\/image\/\"}}]}<\/script>\n<!-- \/ Yoast SEO plugin. -->","yoast_head_json":{"title":"Linking technologies R&amp;D platform - IRT Nanoelec","robots":{"index":"index","follow":"follow","max-snippet":"max-snippet:-1","max-image-preview":"max-image-preview:large","max-video-preview":"max-video-preview:-1"},"canonical":"https:\/\/irtnanoelec.fr\/en\/linking-technologies-rd-platform\/","og_locale":"en_US","og_type":"article","og_title":"Linking technologies R&amp;D platform - IRT Nanoelec","og_url":"https:\/\/irtnanoelec.fr\/en\/linking-technologies-rd-platform\/","og_site_name":"IRT Nanoelec","article_modified_time":"2026-01-16T12:31:35+00:00","twitter_card":"summary_large_image","twitter_misc":{"Est. reading time":"3 minutes"},"schema":{"@context":"https:\/\/schema.org","@graph":[{"@type":"WebPage","@id":"https:\/\/irtnanoelec.fr\/en\/linking-technologies-rd-platform\/","url":"https:\/\/irtnanoelec.fr\/en\/linking-technologies-rd-platform\/","name":"Linking technologies R&amp;D platform - IRT Nanoelec","isPartOf":{"@id":"https:\/\/irtnanoelec.fr\/en\/#website"},"datePublished":"2025-06-12T13:55:21+00:00","dateModified":"2026-01-16T12:31:35+00:00","breadcrumb":{"@id":"https:\/\/irtnanoelec.fr\/en\/linking-technologies-rd-platform\/#breadcrumb"},"inLanguage":"en-US","potentialAction":[{"@type":"ReadAction","target":["https:\/\/irtnanoelec.fr\/en\/linking-technologies-rd-platform\/"]}]},{"@type":"BreadcrumbList","@id":"https:\/\/irtnanoelec.fr\/en\/linking-technologies-rd-platform\/#breadcrumb","itemListElement":[{"@type":"ListItem","position":1,"name":"Home","item":"https:\/\/irtnanoelec.fr\/en\/"},{"@type":"ListItem","position":2,"name":"Linking technologies R&amp;D platform"}]},{"@type":"WebSite","@id":"https:\/\/irtnanoelec.fr\/en\/#website","url":"https:\/\/irtnanoelec.fr\/en\/","name":"IRT Nanoelec","description":"","publisher":{"@id":"https:\/\/irtnanoelec.fr\/en\/#organization"},"potentialAction":[{"@type":"SearchAction","target":{"@type":"EntryPoint","urlTemplate":"https:\/\/irtnanoelec.fr\/en\/?s={search_term_string}"},"query-input":{"@type":"PropertyValueSpecification","valueRequired":true,"valueName":"search_term_string"}}],"inLanguage":"en-US"},{"@type":"Organization","@id":"https:\/\/irtnanoelec.fr\/en\/#organization","name":"IRT Nanoelec","url":"https:\/\/irtnanoelec.fr\/en\/","logo":{"@type":"ImageObject","inLanguage":"en-US","@id":"https:\/\/irtnanoelec.fr\/en\/#\/schema\/logo\/image\/","url":"https:\/\/irtnanoelec.fr\/wp-content\/uploads\/2025\/07\/irt-nanoelec.svg","contentUrl":"https:\/\/irtnanoelec.fr\/wp-content\/uploads\/2025\/07\/irt-nanoelec.svg","width":181,"height":89,"caption":"IRT Nanoelec"},"image":{"@id":"https:\/\/irtnanoelec.fr\/en\/#\/schema\/logo\/image\/"}}]}},"_links":{"self":[{"href":"https:\/\/irtnanoelec.fr\/en\/wp-json\/wp\/v2\/pages\/2788","targetHints":{"allow":["GET"]}}],"collection":[{"href":"https:\/\/irtnanoelec.fr\/en\/wp-json\/wp\/v2\/pages"}],"about":[{"href":"https:\/\/irtnanoelec.fr\/en\/wp-json\/wp\/v2\/types\/page"}],"author":[{"embeddable":true,"href":"https:\/\/irtnanoelec.fr\/en\/wp-json\/wp\/v2\/users\/1"}],"replies":[{"embeddable":true,"href":"https:\/\/irtnanoelec.fr\/en\/wp-json\/wp\/v2\/comments?post=2788"}],"version-history":[{"count":5,"href":"https:\/\/irtnanoelec.fr\/en\/wp-json\/wp\/v2\/pages\/2788\/revisions"}],"predecessor-version":[{"id":4573,"href":"https:\/\/irtnanoelec.fr\/en\/wp-json\/wp\/v2\/pages\/2788\/revisions\/4573"}],"wp:attachment":[{"href":"https:\/\/irtnanoelec.fr\/en\/wp-json\/wp\/v2\/media?parent=2788"}],"curies":[{"name":"wp","href":"https:\/\/api.w.org\/{rel}","templated":true}]}}